{"id":9022,"date":"2019-11-25T09:48:07","date_gmt":"2019-11-25T09:48:07","guid":{"rendered":"https:\/\/newtechjobs.ro\/contact\/"},"modified":"2023-09-05T10:59:27","modified_gmt":"2023-09-05T10:59:27","slug":"contact","status":"publish","type":"page","link":"https:\/\/newtechjobs.ro\/en\/contact\/","title":{"rendered":"Contact"},"content":{"rendered":"\t\t<div data-elementor-type=\"wp-page\" data-elementor-id=\"9022\" class=\"elementor elementor-9022 elementor-5879\" data-elementor-post-type=\"page\">\n\t\t\t\t\t\t<section class=\"elementor-section elementor-top-section elementor-element elementor-element-172e078 elementor-section-stretched elementor-section-height-min-height elementor-section-boxed elementor-section-height-default elementor-section-items-middle\" data-id=\"172e078\" data-element_type=\"section\" data-e-type=\"section\" data-settings=\"{&quot;stretch_section&quot;:&quot;section-stretched&quot;,&quot;background_background&quot;:&quot;classic&quot;,&quot;shape_divider_bottom&quot;:&quot;curve&quot;,&quot;shape_divider_bottom_negative&quot;:&quot;yes&quot;}\">\n\t\t\t\t\t\t\t<div class=\"elementor-background-overlay\"><\/div>\n\t\t\t\t\t\t<div class=\"elementor-shape elementor-shape-bottom\" aria-hidden=\"true\" data-negative=\"true\">\n\t\t\t<svg xmlns=\"http:\/\/www.w3.org\/2000\/svg\" viewBox=\"0 0 1000 100\" preserveAspectRatio=\"none\">\n\t<path class=\"elementor-shape-fill\" d=\"M500,97C126.7,96.3,0.8,19.8,0,0v100l1000,0V1C1000,19.4,873.3,97.8,500,97z\"\/>\n<\/svg>\t\t<\/div>\n\t\t\t\t\t<div class=\"elementor-container elementor-column-gap-default\">\n\t\t\t\t\t<div class=\"elementor-column elementor-col-100 elementor-top-column elementor-element elementor-element-05f8f5e\" data-id=\"05f8f5e\" data-element_type=\"column\" data-e-type=\"column\" data-settings=\"{&quot;avante_ext_is_scrollme&quot;:&quot;false&quot;,&quot;avante_ext_is_smoove&quot;:&quot;false&quot;,&quot;avante_ext_is_parallax_mouse&quot;:&quot;false&quot;,&quot;avante_ext_is_infinite&quot;:&quot;false&quot;,&quot;avante_ext_link_sidemenu&quot;:&quot;false&quot;}\">\n\t\t\t<div class=\"elementor-widget-wrap elementor-element-populated\">\n\t\t\t\t\t\t<div class=\"elementor-element elementor-element-1ec7424 elementor-widget__width-auto elementor-widget-mobile__width-inherit elementor-widget elementor-widget-heading\" data-id=\"1ec7424\" data-element_type=\"widget\" data-e-type=\"widget\" data-settings=\"{&quot;avante_ext_is_smoove&quot;:&quot;true&quot;,&quot;avante_ext_smoove_disable&quot;:&quot;769&quot;,&quot;avante_ext_smoove_duration&quot;:1000,&quot;avante_ext_smoove_rotatex&quot;:{&quot;unit&quot;:&quot;px&quot;,&quot;size&quot;:-90,&quot;sizes&quot;:[]},&quot;avante_ext_smoove_translatey&quot;:{&quot;unit&quot;:&quot;px&quot;,&quot;size&quot;:40,&quot;sizes&quot;:[]},&quot;avante_ext_smoove_translatez&quot;:{&quot;unit&quot;:&quot;px&quot;,&quot;size&quot;:-140,&quot;sizes&quot;:[]},&quot;avante_ext_is_scrollme&quot;:&quot;false&quot;,&quot;avante_ext_smoove_scalex&quot;:{&quot;unit&quot;:&quot;px&quot;,&quot;size&quot;:1,&quot;sizes&quot;:[]},&quot;avante_ext_smoove_scaley&quot;:{&quot;unit&quot;:&quot;px&quot;,&quot;size&quot;:1,&quot;sizes&quot;:[]},&quot;avante_ext_smoove_rotatey&quot;:{&quot;unit&quot;:&quot;px&quot;,&quot;size&quot;:0,&quot;sizes&quot;:[]},&quot;avante_ext_smoove_rotatez&quot;:{&quot;unit&quot;:&quot;px&quot;,&quot;size&quot;:0,&quot;sizes&quot;:[]},&quot;avante_ext_smoove_translatex&quot;:{&quot;unit&quot;:&quot;px&quot;,&quot;size&quot;:0,&quot;sizes&quot;:[]},&quot;avante_ext_smoove_skewx&quot;:{&quot;unit&quot;:&quot;px&quot;,&quot;size&quot;:0,&quot;sizes&quot;:[]},&quot;avante_ext_smoove_skewy&quot;:{&quot;unit&quot;:&quot;px&quot;,&quot;size&quot;:0,&quot;sizes&quot;:[]},&quot;avante_ext_smoove_perspective&quot;:{&quot;unit&quot;:&quot;px&quot;,&quot;size&quot;:1000,&quot;sizes&quot;:[]},&quot;avante_ext_is_parallax_mouse&quot;:&quot;false&quot;,&quot;avante_ext_is_infinite&quot;:&quot;false&quot;,&quot;avante_ext_link_sidemenu&quot;:&quot;false&quot;}\" data-widget_type=\"heading.default\">\n\t\t\t\t<div class=\"elementor-widget-container\">\n\t\t\t\t\t<h1 class=\"elementor-heading-title elementor-size-default\">Contact<\/h1>\t\t\t\t<\/div>\n\t\t\t\t<\/div>\n\t\t\t\t<div class=\"elementor-element elementor-element-7279b2d elementor-widget elementor-widget-text-editor\" data-id=\"7279b2d\" data-element_type=\"widget\" data-e-type=\"widget\" data-settings=\"{&quot;avante_ext_is_smoove&quot;:&quot;true&quot;,&quot;avante_ext_smoove_disable&quot;:&quot;769&quot;,&quot;avante_ext_smoove_duration&quot;:1000,&quot;avante_ext_smoove_translatey&quot;:{&quot;unit&quot;:&quot;px&quot;,&quot;size&quot;:40,&quot;sizes&quot;:[]},&quot;avante_ext_smoove_rotatex&quot;:{&quot;unit&quot;:&quot;px&quot;,&quot;size&quot;:-90,&quot;sizes&quot;:[]},&quot;avante_ext_smoove_translatez&quot;:{&quot;unit&quot;:&quot;px&quot;,&quot;size&quot;:-140,&quot;sizes&quot;:[]},&quot;avante_ext_is_scrollme&quot;:&quot;false&quot;,&quot;avante_ext_smoove_scalex&quot;:{&quot;unit&quot;:&quot;px&quot;,&quot;size&quot;:1,&quot;sizes&quot;:[]},&quot;avante_ext_smoove_scaley&quot;:{&quot;unit&quot;:&quot;px&quot;,&quot;size&quot;:1,&quot;sizes&quot;:[]},&quot;avante_ext_smoove_rotatey&quot;:{&quot;unit&quot;:&quot;px&quot;,&quot;size&quot;:0,&quot;sizes&quot;:[]},&quot;avante_ext_smoove_rotatez&quot;:{&quot;unit&quot;:&quot;px&quot;,&quot;size&quot;:0,&quot;sizes&quot;:[]},&quot;avante_ext_smoove_translatex&quot;:{&quot;unit&quot;:&quot;px&quot;,&quot;size&quot;:0,&quot;sizes&quot;:[]},&quot;avante_ext_smoove_skewx&quot;:{&quot;unit&quot;:&quot;px&quot;,&quot;size&quot;:0,&quot;sizes&quot;:[]},&quot;avante_ext_smoove_skewy&quot;:{&quot;unit&quot;:&quot;px&quot;,&quot;size&quot;:0,&quot;sizes&quot;:[]},&quot;avante_ext_smoove_perspective&quot;:{&quot;unit&quot;:&quot;px&quot;,&quot;size&quot;:1000,&quot;sizes&quot;:[]},&quot;avante_ext_is_parallax_mouse&quot;:&quot;false&quot;,&quot;avante_ext_is_infinite&quot;:&quot;false&quot;,&quot;avante_ext_link_sidemenu&quot;:&quot;false&quot;}\" data-widget_type=\"text-editor.default\">\n\t\t\t\t<div class=\"elementor-widget-container\">\n\t\t\t\t\t\t\t\t\t<p>Increase your team with qualified specialists!<br \/>Let&#8217;s collaborate.<\/p>\t\t\t\t\t\t\t\t<\/div>\n\t\t\t\t<\/div>\n\t\t\t\t\t<\/div>\n\t\t<\/div>\n\t\t\t\t\t<\/div>\n\t\t<\/section>\n\t\t\t\t<section class=\"elementor-section elementor-top-section elementor-element elementor-element-9a6c678 elementor-section-boxed elementor-section-height-default elementor-section-height-default\" data-id=\"9a6c678\" data-element_type=\"section\" data-e-type=\"section\">\n\t\t\t\t\t\t<div class=\"elementor-container elementor-column-gap-default\">\n\t\t\t\t\t<div class=\"elementor-column elementor-col-100 elementor-top-column elementor-element elementor-element-d7d3994\" data-id=\"d7d3994\" data-element_type=\"column\" data-e-type=\"column\" data-settings=\"{&quot;background_background&quot;:&quot;classic&quot;,&quot;avante_ext_is_smoove&quot;:&quot;true&quot;,&quot;avante_ext_smoove_disable&quot;:&quot;769&quot;,&quot;avante_ext_smoove_duration&quot;:500,&quot;avante_ext_smoove_scalex&quot;:{&quot;unit&quot;:&quot;px&quot;,&quot;size&quot;:0.8,&quot;sizes&quot;:[]},&quot;avante_ext_smoove_scaley&quot;:{&quot;unit&quot;:&quot;px&quot;,&quot;size&quot;:0.8,&quot;sizes&quot;:[]},&quot;avante_ext_smoove_rotatex&quot;:{&quot;unit&quot;:&quot;px&quot;,&quot;size&quot;:0,&quot;sizes&quot;:[]},&quot;avante_ext_smoove_rotatey&quot;:{&quot;unit&quot;:&quot;px&quot;,&quot;size&quot;:0,&quot;sizes&quot;:[]},&quot;avante_ext_smoove_rotatez&quot;:{&quot;unit&quot;:&quot;px&quot;,&quot;size&quot;:0,&quot;sizes&quot;:[]},&quot;avante_ext_smoove_translatex&quot;:{&quot;unit&quot;:&quot;px&quot;,&quot;size&quot;:0,&quot;sizes&quot;:[]},&quot;avante_ext_smoove_translatey&quot;:{&quot;unit&quot;:&quot;px&quot;,&quot;size&quot;:0,&quot;sizes&quot;:[]},&quot;avante_ext_smoove_translatez&quot;:{&quot;unit&quot;:&quot;px&quot;,&quot;size&quot;:0,&quot;sizes&quot;:[]},&quot;avante_ext_smoove_skewx&quot;:{&quot;unit&quot;:&quot;px&quot;,&quot;size&quot;:0,&quot;sizes&quot;:[]},&quot;avante_ext_smoove_skewy&quot;:{&quot;unit&quot;:&quot;px&quot;,&quot;size&quot;:0,&quot;sizes&quot;:[]},&quot;avante_ext_smoove_perspective&quot;:{&quot;unit&quot;:&quot;px&quot;,&quot;size&quot;:1000,&quot;sizes&quot;:[]},&quot;avante_ext_is_infinite&quot;:&quot;false&quot;,&quot;avante_ext_link_sidemenu&quot;:&quot;false&quot;}\">\n\t\t\t<div class=\"elementor-widget-wrap elementor-element-populated\">\n\t\t\t\t\t\t<div class=\"elementor-element elementor-element-bc78e2d elementor-widget__width-inherit elementor-widget-mobile__width-inherit elementor-widget elementor-widget-heading\" data-id=\"bc78e2d\" data-element_type=\"widget\" data-e-type=\"widget\" data-settings=\"{&quot;avante_ext_is_scrollme&quot;:&quot;false&quot;,&quot;avante_ext_is_parallax_mouse&quot;:&quot;false&quot;,&quot;avante_ext_is_infinite&quot;:&quot;false&quot;,&quot;avante_ext_link_sidemenu&quot;:&quot;false&quot;}\" data-widget_type=\"heading.default\">\n\t\t\t\t<div class=\"elementor-widget-container\">\n\t\t\t\t\t<h2 class=\"elementor-heading-title elementor-size-default\"><a href=\"tel:+40754672592\">0754.672.592<\/a><\/h2>\t\t\t\t<\/div>\n\t\t\t\t<\/div>\n\t\t\t\t<div class=\"elementor-element elementor-element-787274d elementor-widget elementor-widget-text-editor\" data-id=\"787274d\" data-element_type=\"widget\" data-e-type=\"widget\" data-settings=\"{&quot;avante_ext_is_smoove&quot;:&quot;true&quot;,&quot;avante_ext_smoove_disable&quot;:&quot;769&quot;,&quot;avante_ext_smoove_duration&quot;:500,&quot;avante_ext_smoove_translatey&quot;:{&quot;unit&quot;:&quot;px&quot;,&quot;size&quot;:40,&quot;sizes&quot;:[]},&quot;avante_ext_smoove_scalex&quot;:{&quot;unit&quot;:&quot;px&quot;,&quot;size&quot;:0.8,&quot;sizes&quot;:[]},&quot;avante_ext_smoove_scaley&quot;:{&quot;unit&quot;:&quot;px&quot;,&quot;size&quot;:0.8,&quot;sizes&quot;:[]},&quot;avante_ext_is_scrollme&quot;:&quot;false&quot;,&quot;avante_ext_smoove_rotatex&quot;:{&quot;unit&quot;:&quot;px&quot;,&quot;size&quot;:0,&quot;sizes&quot;:[]},&quot;avante_ext_smoove_rotatey&quot;:{&quot;unit&quot;:&quot;px&quot;,&quot;size&quot;:0,&quot;sizes&quot;:[]},&quot;avante_ext_smoove_rotatez&quot;:{&quot;unit&quot;:&quot;px&quot;,&quot;size&quot;:0,&quot;sizes&quot;:[]},&quot;avante_ext_smoove_translatex&quot;:{&quot;unit&quot;:&quot;px&quot;,&quot;size&quot;:0,&quot;sizes&quot;:[]},&quot;avante_ext_smoove_translatez&quot;:{&quot;unit&quot;:&quot;px&quot;,&quot;size&quot;:0,&quot;sizes&quot;:[]},&quot;avante_ext_smoove_skewx&quot;:{&quot;unit&quot;:&quot;px&quot;,&quot;size&quot;:0,&quot;sizes&quot;:[]},&quot;avante_ext_smoove_skewy&quot;:{&quot;unit&quot;:&quot;px&quot;,&quot;size&quot;:0,&quot;sizes&quot;:[]},&quot;avante_ext_smoove_perspective&quot;:{&quot;unit&quot;:&quot;px&quot;,&quot;size&quot;:1000,&quot;sizes&quot;:[]},&quot;avante_ext_is_parallax_mouse&quot;:&quot;false&quot;,&quot;avante_ext_is_infinite&quot;:&quot;false&quot;,&quot;avante_ext_link_sidemenu&quot;:&quot;false&quot;}\" data-widget_type=\"text-editor.default\">\n\t\t\t\t<div class=\"elementor-widget-container\">\n\t\t\t\t\t\t\t\t\t<span style=\"text-decoration: underline;\"><span style=\"color: #fc9e22;\"><a style=\"color: #fc9e22; text-decoration: underline;\" href=\"mailto:dana@newtechjobs.ro\">dana@newtechjobs.ro<\/a><\/span><\/span><span class=\"hd-xs\"> | <\/span><span style=\"text-decoration: underline; color: #fc9e22;\"><a style=\"color: #fc9e22; text-decoration: underline;\" href=\"mailto:tiberiu@newtechjobs.ro\">tiberiu@newtechjobs.ro<\/a><\/span>\t\t\t\t\t\t\t\t<\/div>\n\t\t\t\t<\/div>\n\t\t\t\t<div class=\"elementor-element elementor-element-a6cdfa5 elementor-icon-list--layout-inline elementor-mobile-align-center elementor-align-center elementor-list-item-link-full_width elementor-widget elementor-widget-icon-list\" data-id=\"a6cdfa5\" data-element_type=\"widget\" data-e-type=\"widget\" data-settings=\"{&quot;avante_ext_is_scrollme&quot;:&quot;false&quot;,&quot;avante_ext_is_parallax_mouse&quot;:&quot;false&quot;,&quot;avante_ext_is_infinite&quot;:&quot;false&quot;,&quot;avante_ext_link_sidemenu&quot;:&quot;false&quot;}\" data-widget_type=\"icon-list.default\">\n\t\t\t\t<div class=\"elementor-widget-container\">\n\t\t\t\t\t\t\t<ul class=\"elementor-icon-list-items elementor-inline-items\">\n\t\t\t\t\t\t\t<li class=\"elementor-icon-list-item elementor-inline-item\">\n\t\t\t\t\t\t\t\t\t\t\t<a href=\"mailto:info@newtechjobs.ro\">\n\n\t\t\t\t\t\t\t\t\t\t\t\t<span class=\"elementor-icon-list-icon\">\n\t\t\t\t\t\t\t<i aria-hidden=\"true\" class=\"far fa-envelope\"><\/i>\t\t\t\t\t\t<\/span>\n\t\t\t\t\t\t\t\t\t\t<span class=\"elementor-icon-list-text\">info@newtechjobs.ro<\/span>\n\t\t\t\t\t\t\t\t\t\t\t<\/a>\n\t\t\t\t\t\t\t\t\t<\/li>\n\t\t\t\t\t\t\t\t<li class=\"elementor-icon-list-item elementor-inline-item\">\n\t\t\t\t\t\t\t\t\t\t\t<span class=\"elementor-icon-list-icon\">\n\t\t\t\t\t\t\t<i aria-hidden=\"true\" class=\"far fa-clock\"><\/i>\t\t\t\t\t\t<\/span>\n\t\t\t\t\t\t\t\t\t\t<span class=\"elementor-icon-list-text\">Monday - Friday 09:00 - 18:00<\/span>\n\t\t\t\t\t\t\t\t\t<\/li>\n\t\t\t\t\t\t<\/ul>\n\t\t\t\t\t\t<\/div>\n\t\t\t\t<\/div>\n\t\t\t\t\t<\/div>\n\t\t<\/div>\n\t\t\t\t\t<\/div>\n\t\t<\/section>\n\t\t\t\t<\/div>\n\t\t","protected":false},"excerpt":{"rendered":"<p>Contact Increase your team with qualified specialists!Let&#8217;s collaborate. 0754.672.592 dana@newtechjobs.ro | tiberiu@newtechjobs.ro info@newtechjobs.ro Monday &#8211; Friday 09:00 &#8211; 18:00<\/p>\n","protected":false},"author":1,"featured_media":0,"parent":0,"menu_order":0,"comment_status":"closed","ping_status":"closed","template":"","meta":{"footnotes":""},"class_list":["post-9022","page","type-page","status-publish","hentry"],"yoast_head":"<!-- This site is optimized with the Yoast SEO plugin v27.4 - https:\/\/yoast.com\/product\/yoast-seo-wordpress\/ -->\n<title>Contact - NewTech Jobs<\/title>\n<meta name=\"robots\" content=\"index, follow, max-snippet:-1, max-image-preview:large, max-video-preview:-1\" \/>\n<link rel=\"canonical\" href=\"https:\/\/newtechjobs.ro\/en\/contact\/\" \/>\n<meta property=\"og:locale\" content=\"en_US\" \/>\n<meta property=\"og:type\" content=\"article\" \/>\n<meta property=\"og:title\" content=\"Contact - NewTech Jobs\" \/>\n<meta property=\"og:description\" content=\"Contact Increase your team with qualified specialists!Let&#8217;s collaborate. 0754.672.592 dana@newtechjobs.ro | tiberiu@newtechjobs.ro info@newtechjobs.ro Monday &#8211; Friday 09:00 &#8211; 18:00\" \/>\n<meta property=\"og:url\" content=\"https:\/\/newtechjobs.ro\/en\/contact\/\" \/>\n<meta property=\"og:site_name\" content=\"NewTech Jobs\" \/>\n<meta property=\"article:modified_time\" content=\"2023-09-05T10:59:27+00:00\" \/>\n<meta name=\"twitter:card\" content=\"summary_large_image\" \/>\n<script type=\"application\/ld+json\" class=\"yoast-schema-graph\">{\"@context\":\"https:\\\/\\\/schema.org\",\"@graph\":[{\"@type\":\"WebPage\",\"@id\":\"https:\\\/\\\/newtechjobs.ro\\\/en\\\/contact\\\/\",\"url\":\"https:\\\/\\\/newtechjobs.ro\\\/en\\\/contact\\\/\",\"name\":\"Contact - NewTech Jobs\",\"isPartOf\":{\"@id\":\"https:\\\/\\\/newtechjobs.ro\\\/#website\"},\"datePublished\":\"2019-11-25T09:48:07+00:00\",\"dateModified\":\"2023-09-05T10:59:27+00:00\",\"breadcrumb\":{\"@id\":\"https:\\\/\\\/newtechjobs.ro\\\/en\\\/contact\\\/#breadcrumb\"},\"inLanguage\":\"en-US\",\"potentialAction\":[{\"@type\":\"ReadAction\",\"target\":[\"https:\\\/\\\/newtechjobs.ro\\\/en\\\/contact\\\/\"]}]},{\"@type\":\"BreadcrumbList\",\"@id\":\"https:\\\/\\\/newtechjobs.ro\\\/en\\\/contact\\\/#breadcrumb\",\"itemListElement\":[{\"@type\":\"ListItem\",\"position\":1,\"name\":\"Home\",\"item\":\"https:\\\/\\\/newtechjobs.ro\\\/en\\\/home-5\\\/\"},{\"@type\":\"ListItem\",\"position\":2,\"name\":\"Contact\"}]},{\"@type\":\"WebSite\",\"@id\":\"https:\\\/\\\/newtechjobs.ro\\\/#website\",\"url\":\"https:\\\/\\\/newtechjobs.ro\\\/\",\"name\":\"NewTech Jobs\",\"description\":\"\u00cempreun\u0103 descoperim talente \u00een tehnologie\",\"publisher\":{\"@id\":\"https:\\\/\\\/newtechjobs.ro\\\/#organization\"},\"potentialAction\":[{\"@type\":\"SearchAction\",\"target\":{\"@type\":\"EntryPoint\",\"urlTemplate\":\"https:\\\/\\\/newtechjobs.ro\\\/?s={search_term_string}\"},\"query-input\":{\"@type\":\"PropertyValueSpecification\",\"valueRequired\":true,\"valueName\":\"search_term_string\"}}],\"inLanguage\":\"en-US\"},{\"@type\":\"Organization\",\"@id\":\"https:\\\/\\\/newtechjobs.ro\\\/#organization\",\"name\":\"NewTech Jobs\",\"url\":\"https:\\\/\\\/newtechjobs.ro\\\/\",\"logo\":{\"@type\":\"ImageObject\",\"inLanguage\":\"en-US\",\"@id\":\"https:\\\/\\\/newtechjobs.ro\\\/#\\\/schema\\\/logo\\\/image\\\/\",\"url\":\"https:\\\/\\\/newtechjobs.ro\\\/wp-content\\\/uploads\\\/2023\\\/08\\\/newtechjobs-logo.svg\",\"contentUrl\":\"https:\\\/\\\/newtechjobs.ro\\\/wp-content\\\/uploads\\\/2023\\\/08\\\/newtechjobs-logo.svg\",\"width\":321,\"height\":360,\"caption\":\"NewTech Jobs\"},\"image\":{\"@id\":\"https:\\\/\\\/newtechjobs.ro\\\/#\\\/schema\\\/logo\\\/image\\\/\"},\"sameAs\":[\"https:\\\/\\\/www.linkedin.com\\\/company\\\/new-tech-jobs\\\/about\\\/?viewAsMember=true\"]}]}<\/script>\n<!-- \/ Yoast SEO plugin. -->","yoast_head_json":{"title":"Contact - NewTech Jobs","robots":{"index":"index","follow":"follow","max-snippet":"max-snippet:-1","max-image-preview":"max-image-preview:large","max-video-preview":"max-video-preview:-1"},"canonical":"https:\/\/newtechjobs.ro\/en\/contact\/","og_locale":"en_US","og_type":"article","og_title":"Contact - NewTech Jobs","og_description":"Contact Increase your team with qualified specialists!Let&#8217;s collaborate. 0754.672.592 dana@newtechjobs.ro | tiberiu@newtechjobs.ro info@newtechjobs.ro Monday &#8211; Friday 09:00 &#8211; 18:00","og_url":"https:\/\/newtechjobs.ro\/en\/contact\/","og_site_name":"NewTech Jobs","article_modified_time":"2023-09-05T10:59:27+00:00","twitter_card":"summary_large_image","schema":{"@context":"https:\/\/schema.org","@graph":[{"@type":"WebPage","@id":"https:\/\/newtechjobs.ro\/en\/contact\/","url":"https:\/\/newtechjobs.ro\/en\/contact\/","name":"Contact - NewTech Jobs","isPartOf":{"@id":"https:\/\/newtechjobs.ro\/#website"},"datePublished":"2019-11-25T09:48:07+00:00","dateModified":"2023-09-05T10:59:27+00:00","breadcrumb":{"@id":"https:\/\/newtechjobs.ro\/en\/contact\/#breadcrumb"},"inLanguage":"en-US","potentialAction":[{"@type":"ReadAction","target":["https:\/\/newtechjobs.ro\/en\/contact\/"]}]},{"@type":"BreadcrumbList","@id":"https:\/\/newtechjobs.ro\/en\/contact\/#breadcrumb","itemListElement":[{"@type":"ListItem","position":1,"name":"Home","item":"https:\/\/newtechjobs.ro\/en\/home-5\/"},{"@type":"ListItem","position":2,"name":"Contact"}]},{"@type":"WebSite","@id":"https:\/\/newtechjobs.ro\/#website","url":"https:\/\/newtechjobs.ro\/","name":"NewTech Jobs","description":"\u00cempreun\u0103 descoperim talente \u00een tehnologie","publisher":{"@id":"https:\/\/newtechjobs.ro\/#organization"},"potentialAction":[{"@type":"SearchAction","target":{"@type":"EntryPoint","urlTemplate":"https:\/\/newtechjobs.ro\/?s={search_term_string}"},"query-input":{"@type":"PropertyValueSpecification","valueRequired":true,"valueName":"search_term_string"}}],"inLanguage":"en-US"},{"@type":"Organization","@id":"https:\/\/newtechjobs.ro\/#organization","name":"NewTech Jobs","url":"https:\/\/newtechjobs.ro\/","logo":{"@type":"ImageObject","inLanguage":"en-US","@id":"https:\/\/newtechjobs.ro\/#\/schema\/logo\/image\/","url":"https:\/\/newtechjobs.ro\/wp-content\/uploads\/2023\/08\/newtechjobs-logo.svg","contentUrl":"https:\/\/newtechjobs.ro\/wp-content\/uploads\/2023\/08\/newtechjobs-logo.svg","width":321,"height":360,"caption":"NewTech Jobs"},"image":{"@id":"https:\/\/newtechjobs.ro\/#\/schema\/logo\/image\/"},"sameAs":["https:\/\/www.linkedin.com\/company\/new-tech-jobs\/about\/?viewAsMember=true"]}]}},"_links":{"self":[{"href":"https:\/\/newtechjobs.ro\/en\/wp-json\/wp\/v2\/pages\/9022","targetHints":{"allow":["GET"]}}],"collection":[{"href":"https:\/\/newtechjobs.ro\/en\/wp-json\/wp\/v2\/pages"}],"about":[{"href":"https:\/\/newtechjobs.ro\/en\/wp-json\/wp\/v2\/types\/page"}],"author":[{"embeddable":true,"href":"https:\/\/newtechjobs.ro\/en\/wp-json\/wp\/v2\/users\/1"}],"replies":[{"embeddable":true,"href":"https:\/\/newtechjobs.ro\/en\/wp-json\/wp\/v2\/comments?post=9022"}],"version-history":[{"count":7,"href":"https:\/\/newtechjobs.ro\/en\/wp-json\/wp\/v2\/pages\/9022\/revisions"}],"predecessor-version":[{"id":9108,"href":"https:\/\/newtechjobs.ro\/en\/wp-json\/wp\/v2\/pages\/9022\/revisions\/9108"}],"wp:attachment":[{"href":"https:\/\/newtechjobs.ro\/en\/wp-json\/wp\/v2\/media?parent=9022"}],"curies":[{"name":"wp","href":"https:\/\/api.w.org\/{rel}","templated":true}]}}